{"id":32572,"date":"2025-10-14T17:25:34","date_gmt":"2025-10-14T17:25:34","guid":{"rendered":"https:\/\/randoburger.ch\/?page_id=32572"},"modified":"2025-10-18T20:57:44","modified_gmt":"2025-10-18T20:57:44","slug":"maintenance","status":"publish","type":"page","link":"https:\/\/randoburger.ch\/en\/maintenance\/","title":{"rendered":"Maintenance"},"content":{"rendered":"<div data-elementor-type=\"wp-page\" data-elementor-id=\"32572\" class=\"elementor elementor-32572\" data-elementor-post-type=\"page\">\n\t\t\t\t\t\t<section class=\"elementor-section elementor-top-section elementor-element elementor-element-a7e6c19 elementor-section-boxed elementor-section-height-default elementor-section-height-default\" data-id=\"a7e6c19\" data-element_type=\"section\">\n\t\t\t\t\t\t<div class=\"elementor-container elementor-column-gap-default\">\n\t\t\t\t\t<div class=\"elementor-column elementor-col-100 elementor-top-column elementor-element elementor-element-60809f1\" data-id=\"60809f1\" data-element_type=\"column\">\n\t\t\t<div class=\"elementor-widget-wrap elementor-element-populated\">\n\t\t\t\t\t\t<div class=\"elementor-element elementor-element-1ccabf8 elementor-widget elementor-widget-spacer\" data-id=\"1ccabf8\" data-element_type=\"widget\" data-widget_type=\"spacer.default\">\n\t\t\t\t<div class=\"elementor-widget-container\">\n\t\t\t\t\t\t\t<div class=\"elementor-spacer\">\n\t\t\t<div class=\"elementor-spacer-inner\"><\/div>\n\t\t<\/div>\n\t\t\t\t\t\t<\/div>\n\t\t\t\t<\/div>\n\t\t\t\t\t<\/div>\n\t\t<\/div>\n\t\t\t\t\t<\/div>\n\t\t<\/section>\n\t\t\t\t<section class=\"elementor-section elementor-top-section elementor-element elementor-element-3824771 elementor-section-content-middle elementor-section-boxed elementor-section-height-default elementor-section-height-default\" data-id=\"3824771\" data-element_type=\"section\">\n\t\t\t\t\t\t<div class=\"elementor-container elementor-column-gap-default\">\n\t\t\t\t\t<div class=\"elementor-column elementor-col-50 elementor-top-column elementor-element elementor-element-61641c6\" data-id=\"61641c6\" data-element_type=\"column\">\n\t\t\t<div class=\"elementor-widget-wrap elementor-element-populated\">\n\t\t\t\t\t\t<div class=\"elementor-element elementor-element-dff4f93 elementor-widget elementor-widget-theme-site-logo elementor-widget-image\" data-id=\"dff4f93\" data-element_type=\"widget\" data-widget_type=\"theme-site-logo.default\">\n\t\t\t\t<div class=\"elementor-widget-container\">\n\t\t\t\t\t\t\t\t\t\t\t<a href=\"https:\/\/randoburger.ch\/en\">\n\t\t\t<img fetchpriority=\"high\" decoding=\"async\" width=\"512\" height=\"512\" src=\"https:\/\/randoburger.ch\/wp-content\/uploads\/2025\/12\/logo_rando.png\" class=\"attachment-full size-full wp-image-34852\" alt=\"\" srcset=\"https:\/\/randoburger.ch\/wp-content\/uploads\/2025\/12\/logo_rando.png 512w, https:\/\/randoburger.ch\/wp-content\/uploads\/2025\/12\/logo_rando-300x300.png 300w, https:\/\/randoburger.ch\/wp-content\/uploads\/2025\/12\/logo_rando-150x150.png 150w, https:\/\/randoburger.ch\/wp-content\/uploads\/2025\/12\/logo_rando-12x12.png 12w\" sizes=\"(max-width: 512px) 100vw, 512px\" \/>\t\t\t\t<\/a>\n\t\t\t\t\t\t\t\t\t\t\t<\/div>\n\t\t\t\t<\/div>\n\t\t\t\t<div class=\"elementor-element elementor-element-9db4aea elementor-widget elementor-widget-heading\" data-id=\"9db4aea\" data-element_type=\"widget\" data-widget_type=\"heading.default\">\n\t\t\t\t<div class=\"elementor-widget-container\">\n\t\t\t\t\t<h2 class=\"elementor-heading-title elementor-size-default\">Notre nouveau site arrive tr\u00e8s bient\u00f4t ! On vous pr\u00e9pare plein de surprises, restez connect\u00e9s !\ud83e\udd2b<\/h2>\t\t\t\t<\/div>\n\t\t\t\t<\/div>\n\t\t\t\t<div class=\"elementor-element elementor-element-7d420b4 elementor-align-center elementor-widget elementor-widget-button\" data-id=\"7d420b4\" data-element_type=\"widget\" data-widget_type=\"button.default\">\n\t\t\t\t<div class=\"elementor-widget-container\">\n\t\t\t\t\t\t\t\t\t<div class=\"elementor-button-wrapper\">\n\t\t\t\t\t<a class=\"elementor-button elementor-button-link elementor-size-sm\" href=\"tel:+41223600303\">\n\t\t\t\t\t\t<span class=\"elementor-button-content-wrapper\">\n\t\t\t\t\t\t\t\t\t<span class=\"elementor-button-text\">Call us!<\/span>\n\t\t\t\t\t<\/span>\n\t\t\t\t\t<\/a>\n\t\t\t\t<\/div>\n\t\t\t\t\t\t\t\t<\/div>\n\t\t\t\t<\/div>\n\t\t\t\t<div class=\"elementor-element elementor-element-5ae936a elementor-widget elementor-widget-text-editor\" data-id=\"5ae936a\" data-element_type=\"widget\" data-widget_type=\"text-editor.default\">\n\t\t\t\t<div class=\"elementor-widget-container\">\n\t\t\t\t\t\t\t\t\t<p><a href=\"tel:+41223600303\">+41 22 360 03 03<\/a><\/p>\t\t\t\t\t\t\t\t<\/div>\n\t\t\t\t<\/div>\n\t\t\t\t\t<\/div>\n\t\t<\/div>\n\t\t\t\t<div class=\"elementor-column elementor-col-50 elementor-top-column elementor-element elementor-element-2cee3b8\" data-id=\"2cee3b8\" data-element_type=\"column\">\n\t\t\t<div class=\"elementor-widget-wrap elementor-element-populated\">\n\t\t\t\t\t\t<div class=\"elementor-element elementor-element-2589e76 elementor-widget elementor-widget-image\" data-id=\"2589e76\" data-element_type=\"widget\" data-widget_type=\"image.default\">\n\t\t\t\t<div class=\"elementor-widget-container\">\n\t\t\t\t\t\t\t\t\t\t\t\t\t\t\t<img decoding=\"async\" src=\"https:\/\/randoburger.ch\/wp-content\/uploads\/2025\/10\/IMG_0224-1.jpeg\" title=\"\" alt=\"\" loading=\"lazy\" \/>\t\t\t\t\t\t\t\t\t\t\t\t\t\t\t<\/div>\n\t\t\t\t<\/div>\n\t\t\t\t<div class=\"elementor-element elementor-element-ad82939 elementor-widget elementor-widget-google_maps\" data-id=\"ad82939\" data-element_type=\"widget\" data-widget_type=\"google_maps.default\">\n\t\t\t\t<div class=\"elementor-widget-container\">\n\t\t\t\t\t\t\t<div class=\"elementor-custom-embed\">\n\t\t\t<iframe loading=\"lazy\"\n\t\t\t\t\tsrc=\"https:\/\/maps.google.com\/maps?q=Rando%20Burger%2C%20Rte%20d%E2%80%99Arzier%2012%2C%201264%20St-Cergue&#038;t=m&#038;z=10&#038;output=embed&#038;iwloc=near\"\n\t\t\t\t\ttitle=\"Rando Burger, Rte d\u2019Arzier 12, 1264 St-Cergue\"\n\t\t\t\t\taria-label=\"Rando Burger, Rte d\u2019Arzier 12, 1264 St-Cergue\"\n\t\t\t><\/iframe>\n\t\t<\/div>\n\t\t\t\t\t\t<\/div>\n\t\t\t\t<\/div>\n\t\t\t\t\t<\/div>\n\t\t<\/div>\n\t\t\t\t\t<\/div>\n\t\t<\/section>\n\t\t\t\t<section class=\"elementor-section elementor-top-section elementor-element elementor-element-54154d7 elementor-section-boxed elementor-section-height-default elementor-section-height-default\" data-id=\"54154d7\" data-element_type=\"section\">\n\t\t\t\t\t\t<div class=\"elementor-container elementor-column-gap-default\">\n\t\t\t\t\t<div class=\"elementor-column elementor-col-100 elementor-top-column elementor-element elementor-element-a3069b3\" data-id=\"a3069b3\" data-element_type=\"column\">\n\t\t\t<div class=\"elementor-widget-wrap\">\n\t\t\t\t\t\t\t<\/div>\n\t\t<\/div>\n\t\t\t\t\t<\/div>\n\t\t<\/section>\n\t\t\t\t<section class=\"elementor-section elementor-top-section elementor-element elementor-element-58a4e70 elementor-section-boxed elementor-section-height-default elementor-section-height-default\" data-id=\"58a4e70\" data-element_type=\"section\">\n\t\t\t\t\t\t<div class=\"elementor-container elementor-column-gap-default\">\n\t\t\t\t\t<div class=\"elementor-column elementor-col-100 elementor-top-column elementor-element elementor-element-6a96c9b\" data-id=\"6a96c9b\" data-element_type=\"column\">\n\t\t\t<div class=\"elementor-widget-wrap elementor-element-populated\">\n\t\t\t\t\t\t<div class=\"elementor-element elementor-element-c190b9c elementor-widget elementor-widget-image\" data-id=\"c190b9c\" data-element_type=\"widget\" data-widget_type=\"image.default\">\n\t\t\t\t<div class=\"elementor-widget-container\">\n\t\t\t\t\t\t\t\t\t\t\t\t\t\t\t<img decoding=\"async\" src=\"https:\/\/randoburger.ch\/wp-content\/uploads\/2025\/10\/IMG_0435-1.jpeg\" title=\"\" alt=\"\" loading=\"lazy\" \/>\t\t\t\t\t\t\t\t\t\t\t\t\t\t\t<\/div>\n\t\t\t\t<\/div>\n\t\t\t\t\t<\/div>\n\t\t<\/div>\n\t\t\t\t\t<\/div>\n\t\t<\/section>\n\t\t\t\t<\/div>","protected":false},"excerpt":{"rendered":"<p>Notre nouveau site arrive tr\u00e8s bient\u00f4t ! On vous pr\u00e9pare plein de surprises, restez connect\u00e9s !\ud83e\udd2b Appelez-nous ! +41 22 360 03 03<\/p>","protected":false},"author":1,"featured_media":0,"parent":0,"menu_order":0,"comment_status":"closed","ping_status":"closed","template":"elementor_canvas","meta":{"footnotes":""},"class_list":["post-32572","page","type-page","status-publish","hentry"],"_links":{"self":[{"href":"https:\/\/randoburger.ch\/en\/wp-json\/wp\/v2\/pages\/32572","targetHints":{"allow":["GET"]}}],"collection":[{"href":"https:\/\/randoburger.ch\/en\/wp-json\/wp\/v2\/pages"}],"about":[{"href":"https:\/\/randoburger.ch\/en\/wp-json\/wp\/v2\/types\/page"}],"author":[{"embeddable":true,"href":"https:\/\/randoburger.ch\/en\/wp-json\/wp\/v2\/users\/1"}],"replies":[{"embeddable":true,"href":"https:\/\/randoburger.ch\/en\/wp-json\/wp\/v2\/comments?post=32572"}],"version-history":[{"count":64,"href":"https:\/\/randoburger.ch\/en\/wp-json\/wp\/v2\/pages\/32572\/revisions"}],"predecessor-version":[{"id":33407,"href":"https:\/\/randoburger.ch\/en\/wp-json\/wp\/v2\/pages\/32572\/revisions\/33407"}],"wp:attachment":[{"href":"https:\/\/randoburger.ch\/en\/wp-json\/wp\/v2\/media?parent=32572"}],"curies":[{"name":"wp","href":"https:\/\/api.w.org\/{rel}","templated":true}]}}